{"id":19,"date":"2016-07-11T12:41:09","date_gmt":"2016-07-11T10:41:09","guid":{"rendered":"http:\/\/dev.engel-endingen.de\/?page_id=19"},"modified":"2022-09-20T22:54:32","modified_gmt":"2022-09-20T20:54:32","slug":"gaesteraeume","status":"publish","type":"page","link":"https:\/\/www.engel-endingen.de\/index.php\/gaesteraeume\/","title":{"rendered":"G\u00e4ster\u00e4ume"},"content":{"rendered":"\n<figure class=\"wp-block-image\"><img loading=\"lazy\" width=\"1100\" height=\"353\" src=\"https:\/\/www.engel-endingen.de\/wp-content\/uploads\/Engel_Schild.jpg\" alt=\"engel_schild\" class=\"wp-image-135\" srcset=\"https:\/\/www.engel-endingen.de\/wp-content\/uploads\/Engel_Schild.jpg 1100w, https:\/\/www.engel-endingen.de\/wp-content\/uploads\/Engel_Schild-300x96.jpg 300w, https:\/\/www.engel-endingen.de\/wp-content\/uploads\/Engel_Schild-768x246.jpg 768w, https:\/\/www.engel-endingen.de\/wp-content\/uploads\/Engel_Schild-1024x329.jpg 1024w, https:\/\/www.engel-endingen.de\/wp-content\/uploads\/Engel_Schild-200x64.jpg 200w, https:\/\/www.engel-endingen.de\/wp-content\/uploads\/Engel_Schild-400x128.jpg 400w, https:\/\/www.engel-endingen.de\/wp-content\/uploads\/Engel_Schild-600x193.jpg 600w, https:\/\/www.engel-endingen.de\/wp-content\/uploads\/Engel_Schild-800x257.jpg 800w\" sizes=\"(max-width: 767px) 89vw, (max-width: 1000px) 54vw, (max-width: 1071px) 543px, 580px\" \/><\/figure>\n\n\n\n<p>Unsere gem\u00fctlichen Gastr\u00e4ume haben eine einladende Atmosph\u00e4re. Die Gastst\u00e4tte mit Weinst\u00fcbchen, Restaurant und einem gro\u00dfz\u00fcgigen Nebenzimmer eignet sich f\u00fcr kleinere und gr\u00f6\u00dfere Reisegesellschaften, aber auch f\u00fcr Familien- und Firmenfeiern.<\/p>\n\n\n\n<figure class=\"wp-container-2 wp-block-gallery-1 wp-block-gallery has-nested-images columns-default is-cropped\">\n<figure class=\"wp-block-image size-large\"><img loading=\"lazy\" width=\"1000\" height=\"662\" data-id=\"145\"  src=\"https:\/\/www.engel-endingen.de\/wp-content\/uploads\/Gastraum_vorne_2.jpg\" alt=\"\" class=\"wp-image-145\" srcset=\"https:\/\/www.engel-endingen.de\/wp-content\/uploads\/Gastraum_vorne_2.jpg 1000w, https:\/\/www.engel-endingen.de\/wp-content\/uploads\/Gastraum_vorne_2-300x199.jpg 300w, https:\/\/www.engel-endingen.de\/wp-content\/uploads\/Gastraum_vorne_2-768x508.jpg 768w, https:\/\/www.engel-endingen.de\/wp-content\/uploads\/Gastraum_vorne_2-200x132.jpg 200w, https:\/\/www.engel-endingen.de\/wp-content\/uploads\/Gastraum_vorne_2-400x265.jpg 400w, https:\/\/www.engel-endingen.de\/wp-content\/uploads\/Gastraum_vorne_2-600x397.jpg 600w, https:\/\/www.engel-endingen.de\/wp-content\/uploads\/Gastraum_vorne_2-800x530.jpg 800w\" sizes=\"(max-width: 767px) 89vw, (max-width: 1000px) 54vw, (max-width: 1071px) 543px, 580px\" \/><\/figure>\n\n\n\n<figure class=\"wp-block-image size-large\"><img loading=\"lazy\" width=\"1000\" height=\"662\" data-id=\"140\"  src=\"https:\/\/www.engel-endingen.de\/wp-content\/uploads\/Gastraum_vorne.jpg\" alt=\"\" class=\"wp-image-140\" srcset=\"https:\/\/www.engel-endingen.de\/wp-content\/uploads\/Gastraum_vorne.jpg 1000w, https:\/\/www.engel-endingen.de\/wp-content\/uploads\/Gastraum_vorne-300x199.jpg 300w, https:\/\/www.engel-endingen.de\/wp-content\/uploads\/Gastraum_vorne-768x508.jpg 768w, https:\/\/www.engel-endingen.de\/wp-content\/uploads\/Gastraum_vorne-200x132.jpg 200w, https:\/\/www.engel-endingen.de\/wp-content\/uploads\/Gastraum_vorne-400x265.jpg 400w, https:\/\/www.engel-endingen.de\/wp-content\/uploads\/Gastraum_vorne-600x397.jpg 600w, https:\/\/www.engel-endingen.de\/wp-content\/uploads\/Gastraum_vorne-800x530.jpg 800w\" sizes=\"(max-width: 767px) 89vw, (max-width: 1000px) 54vw, (max-width: 1071px) 543px, 580px\" \/><\/figure>\n\n\n\n<figure class=\"wp-block-image size-large\"><img loading=\"lazy\" width=\"1000\" height=\"662\" data-id=\"139\"  src=\"https:\/\/www.engel-endingen.de\/wp-content\/uploads\/Gastraum_hinten_2.jpg\" alt=\"\" class=\"wp-image-139\" srcset=\"https:\/\/www.engel-endingen.de\/wp-content\/uploads\/Gastraum_hinten_2.jpg 1000w, https:\/\/www.engel-endingen.de\/wp-content\/uploads\/Gastraum_hinten_2-300x199.jpg 300w, https:\/\/www.engel-endingen.de\/wp-content\/uploads\/Gastraum_hinten_2-768x508.jpg 768w, https:\/\/www.engel-endingen.de\/wp-content\/uploads\/Gastraum_hinten_2-200x132.jpg 200w, https:\/\/www.engel-endingen.de\/wp-content\/uploads\/Gastraum_hinten_2-400x265.jpg 400w, https:\/\/www.engel-endingen.de\/wp-content\/uploads\/Gastraum_hinten_2-600x397.jpg 600w, https:\/\/www.engel-endingen.de\/wp-content\/uploads\/Gastraum_hinten_2-800x530.jpg 800w\" sizes=\"(max-width: 767px) 89vw, (max-width: 1000px) 54vw, (max-width: 1071px) 543px, 580px\" \/><\/figure>\n\n\n\n<figure class=\"wp-block-image size-large\"><img loading=\"lazy\" width=\"1000\" height=\"662\" data-id=\"138\"  src=\"https:\/\/www.engel-endingen.de\/wp-content\/uploads\/Gastraum_hinten.jpg\" alt=\"\" class=\"wp-image-138\" srcset=\"https:\/\/www.engel-endingen.de\/wp-content\/uploads\/Gastraum_hinten.jpg 1000w, https:\/\/www.engel-endingen.de\/wp-content\/uploads\/Gastraum_hinten-300x199.jpg 300w, https:\/\/www.engel-endingen.de\/wp-content\/uploads\/Gastraum_hinten-768x508.jpg 768w, https:\/\/www.engel-endingen.de\/wp-content\/uploads\/Gastraum_hinten-200x132.jpg 200w, https:\/\/www.engel-endingen.de\/wp-content\/uploads\/Gastraum_hinten-400x265.jpg 400w, https:\/\/www.engel-endingen.de\/wp-content\/uploads\/Gastraum_hinten-600x397.jpg 600w, https:\/\/www.engel-endingen.de\/wp-content\/uploads\/Gastraum_hinten-800x530.jpg 800w\" sizes=\"(max-width: 767px) 89vw, (max-width: 1000px) 54vw, (max-width: 1071px) 543px, 580px\" \/><\/figure>\n<\/figure>\n","protected":false},"excerpt":{"rendered":"<p>Unsere gem\u00fctlichen Gastr\u00e4ume haben eine einladende Atmosph\u00e4re. Die Gastst\u00e4tte mit Weinst\u00fcbchen, Restaurant und einem gro\u00dfz\u00fcgigen Nebenzimmer eignet sich f\u00fcr kleinere und gr\u00f6\u00dfere Reisegesellschaften, aber auch f\u00fcr Familien- und Firmenfeiern.<\/p>\n","protected":false},"author":1,"featured_media":89,"parent":0,"menu_order":0,"comment_status":"closed","ping_status":"closed","template":"","meta":[],"_links":{"self":[{"href":"https:\/\/www.engel-endingen.de\/index.php\/wp-json\/wp\/v2\/pages\/19"}],"collection":[{"href":"https:\/\/www.engel-endingen.de\/index.php\/wp-json\/wp\/v2\/pages"}],"about":[{"href":"https:\/\/www.engel-endingen.de\/index.php\/wp-json\/wp\/v2\/types\/page"}],"author":[{"embeddable":true,"href":"https:\/\/www.engel-endingen.de\/index.php\/wp-json\/wp\/v2\/users\/1"}],"replies":[{"embeddable":true,"href":"https:\/\/www.engel-endingen.de\/index.php\/wp-json\/wp\/v2\/comments?post=19"}],"version-history":[{"count":11,"href":"https:\/\/www.engel-endingen.de\/index.php\/wp-json\/wp\/v2\/pages\/19\/revisions"}],"predecessor-version":[{"id":328,"href":"https:\/\/www.engel-endingen.de\/index.php\/wp-json\/wp\/v2\/pages\/19\/revisions\/328"}],"wp:featuredmedia":[{"embeddable":true,"href":"https:\/\/www.engel-endingen.de\/index.php\/wp-json\/wp\/v2\/media\/89"}],"wp:attachment":[{"href":"https:\/\/www.engel-endingen.de\/index.php\/wp-json\/wp\/v2\/media?parent=19"}],"curies":[{"name":"wp","href":"https:\/\/api.w.org\/{rel}","templated":true}]}}