{"id":194,"date":"2017-06-30T08:58:39","date_gmt":"2017-06-30T06:58:39","guid":{"rendered":"http:\/\/www.engel-endingen.de\/?page_id=194"},"modified":"2018-05-23T13:02:39","modified_gmt":"2018-05-23T11:02:39","slug":"impressum","status":"publish","type":"page","link":"https:\/\/www.engel-endingen.de\/index.php\/impressum\/","title":{"rendered":"Impressum"},"content":{"rendered":"<h2>Angaben gem\u00e4\u00df \u00a7 5 TMG:<\/h2>\n<p>Florian Buitink<br \/>\nEngelstueble<br \/>\nHauptstr. 10<br \/>\n79346 Endingen<\/p>\n<table>\n<tbody>\n<tr>\n<td>Telefon:<\/td>\n<td>07642\/3238<\/td>\n<\/tr>\n<tr>\n<td>E-Mail:<\/td>\n<td>info@engel-endingen.de<\/td>\n<\/tr>\n<\/tbody>\n<\/table>\n<p>Umsatzsteuer-Identifikationsnummer gem\u00e4\u00df \u00a727 a Umsatzsteuergesetz: 05139\/27519<\/p>\n<hr \/>\n<p>Haftungsausschluss:<\/p>\n<p>Haftung f\u00fcr Inhalte<\/p>\n<p>Die Inhalte unserer Seiten wurden mit gr\u00f6\u00dfter Sorgfalt erstellt.<br \/>\nF\u00fcr die Richtigkeit, Vollst\u00e4ndigkeit und Aktualit\u00e4t der Inhalte<br \/>\nk\u00f6nnen wir jedoch keine Gew\u00e4hr \u00fcbernehmen. Als Diensteanbieter sind wir gem\u00e4\u00df \u00a7 7 Abs.1 TMG f\u00fcr<br \/>\neigene Inhalte auf diesen Seiten nach den allgemeinen Gesetzen verantwortlich.<br \/>\nNach \u00a7\u00a7 8 bis 10 TMG sind wir als Diensteanbieter jedoch nicht<br \/>\nverpflichtet, \u00fcbermittelte oder gespeicherte fremde Informationen zu<br \/>\n\u00fcberwachen oder nach Umst\u00e4nden zu forschen, die auf eine rechtswidrige<br \/>\nT\u00e4tigkeit hinweisen. Verpflichtungen zur Entfernung oder Sperrung der<br \/>\nNutzung von Informationen nach den allgemeinen Gesetzen bleiben hiervon<br \/>\nunber\u00fchrt. Eine diesbez\u00fcgliche Haftung ist jedoch erst ab dem<br \/>\nZeitpunkt der Kenntnis einer konkreten Rechtsverletzung m\u00f6glich. Bei<br \/>\nBekanntwerden von entsprechenden Rechtsverletzungen werden wir diese Inhalte<br \/>\numgehend entfernen.<\/p>\n<p>Urheberrecht<\/p>\n<p>Die durch die Seitenbetreiber erstellten Inhalte und Werke auf diesen Seiten<br \/>\nunterliegen dem deutschen Urheberrecht. Die Vervielf\u00e4ltigung, Bearbeitung, Verbreitung und<br \/>\njede Art der Verwertung au\u00dferhalb der Grenzen des Urheberrechtes bed\u00fcrfen<br \/>\nder schriftlichen Zustimmung des jeweiligen Autors bzw. Erstellers. Downloads<br \/>\nund Kopien dieser Seite sind nur f\u00fcr den privaten, nicht kommerziellen<br \/>\nGebrauch gestattet. Soweit die Inhalte auf dieser Seite nicht vom Betreiber erstellt wurden,<br \/>\nwerden die Urheberrechte Dritter beachtet. Insbesondere werden Inhalte Dritter als solche<br \/>\ngekennzeichnet. Sollten Sie trotzdem auf eine Urheberrechtsverletzung aufmerksam werden, bitten wir um einen entsprechenden Hinweis.<br \/>\nBei Bekanntwerden von Rechtsverletzungen werden wir derartige Inhalte umgehend entfernen.<\/p>\n<p><strong>Widerspruch Werbe-Mails<\/strong><br \/>\nDer Nutzung von Kontaktdaten (die im Rahmen der Impressumspflicht ver\u00f6ffentlicht wurden) zur \u00dcbersendung von nicht ausdr\u00fccklich angeforderter Werbung und Informationen wird hiermit widersprochen. Der Seitenbetreiber beh\u00e4lt sich rechtliche Schritte bei unverlangter Zusendung von Werbeinformationen, insbesondere bei Spam-E-Mails, vor.<\/p>\n<p>&nbsp;<\/p>\n<p>Wir weisen darauf hin, dass die Daten\u00fcbertragung im Internet (z.B.<br \/>\nbei der Kommunikation per E-Mail) Sicherheitsl\u00fccken aufweisen kann.<br \/>\nEin l\u00fcckenloser Schutz der Daten vor dem Zugriff durch Dritte ist nicht<br \/>\nm\u00f6glich.<\/p>\n","protected":false},"excerpt":{"rendered":"<p>Angaben gem\u00e4\u00df \u00a7 5 TMG: Florian Buitink Engelstueble Hauptstr. 10 79346 Endingen Telefon: 07642\/3238 E-Mail: info@engel-endingen.de Umsatzsteuer-Identifikationsnummer gem\u00e4\u00df \u00a727 a Umsatzsteuergesetz: 05139\/27519 Haftungsausschluss: Haftung f\u00fcr Inhalte Die Inhalte unserer Seiten wurden mit gr\u00f6\u00dfter Sorgfalt erstellt. F\u00fcr die Richtigkeit, Vollst\u00e4ndigkeit und Aktualit\u00e4t der Inhalte k\u00f6nnen wir jedoch keine Gew\u00e4hr \u00fcbernehmen. Als Diensteanbieter sind wir gem\u00e4\u00df \u00a7 &hellip; <\/p>\n<p class=\"link-more\"><a href=\"https:\/\/www.engel-endingen.de\/index.php\/impressum\/\" class=\"more-link\"><span class=\"screen-reader-text\">\u201eImpressum\u201c<\/span> weiterlesen<\/a><\/p>\n","protected":false},"author":1,"featured_media":0,"parent":0,"menu_order":0,"comment_status":"closed","ping_status":"closed","template":"","meta":[],"_links":{"self":[{"href":"https:\/\/www.engel-endingen.de\/index.php\/wp-json\/wp\/v2\/pages\/194"}],"collection":[{"href":"https:\/\/www.engel-endingen.de\/index.php\/wp-json\/wp\/v2\/pages"}],"about":[{"href":"https:\/\/www.engel-endingen.de\/index.php\/wp-json\/wp\/v2\/types\/page"}],"author":[{"embeddable":true,"href":"https:\/\/www.engel-endingen.de\/index.php\/wp-json\/wp\/v2\/users\/1"}],"replies":[{"embeddable":true,"href":"https:\/\/www.engel-endingen.de\/index.php\/wp-json\/wp\/v2\/comments?post=194"}],"version-history":[{"count":10,"href":"https:\/\/www.engel-endingen.de\/index.php\/wp-json\/wp\/v2\/pages\/194\/revisions"}],"predecessor-version":[{"id":224,"href":"https:\/\/www.engel-endingen.de\/index.php\/wp-json\/wp\/v2\/pages\/194\/revisions\/224"}],"wp:attachment":[{"href":"https:\/\/www.engel-endingen.de\/index.php\/wp-json\/wp\/v2\/media?parent=194"}],"curies":[{"name":"wp","href":"https:\/\/api.w.org\/{rel}","templated":true}]}}