{"id":217,"date":"2018-05-23T13:04:18","date_gmt":"2018-05-23T11:04:18","guid":{"rendered":"http:\/\/www.engel-endingen.de\/?page_id=217"},"modified":"2018-05-23T13:59:20","modified_gmt":"2018-05-23T11:59:20","slug":"datenschutzerklaerung","status":"publish","type":"page","link":"https:\/\/www.engel-endingen.de\/index.php\/datenschutzerklaerung\/","title":{"rendered":"Datenschutzerkl\u00e4rung"},"content":{"rendered":"<p>Wir bedanken uns f\u00fcr Ihren Besuch auf unserer Webseite. Der sicherere Umgang mit Ihren Daten ist uns besonders wichtig. Wir m\u00f6chten Sie daher ausf\u00fchrlich \u00fcber die Verwendung Ihrer Daten bei dem Besuch unseres Webauftritts informieren.<\/p>\n<p><strong>Rechtsgrundlage der Verarbeitung<\/strong><br \/>\nArt. 6 Abs. S. 1 lit. a DSGVO dient unserem Unternehmen als Rechtsgrundlage f\u00fcr Verarbeitungsvorg\u00e4nge, bei denen wir eine Einwilligung f\u00fcr einen bestimmten Verarbeitungszweck einholen. Ist die Verarbeitung personenbezogener Daten zur Erf\u00fcllung eines Vertrags, dessen Vertragspartei die betroffene Person ist, erforderlich, wie dies beispielsweise bei Verarbeitungsvorg\u00e4ngen der Fall ist, die f\u00fcr eine Lieferung von Waren oder die Erbringung einer sonstigen Leistung oder Gegenleistung notwendig sind, so beruht die Verarbeitung auf Art. 6 Abs. S. 1 lit. b DSGVO. Gleiches gilt f\u00fcr solche Verarbeitungsvorg\u00e4nge, die zur Durchf\u00fchrung vorvertraglicher Ma\u00dfnahmen erforderlich sind, etwa in F\u00e4llen von Anfragen zur unseren Produkten oder Leistungen. Unterliegt unser Unternehmen einer rechtlichen Verpflichtung, durch welche eine Verarbeitung von personenbezogenen Daten erforderlich wird, wie beispielsweise zur Erf\u00fcllung steuerlicher Pflichten, so basiert die Verarbeitung auf Art. 6 Abs. S. 1 lit. c DSGVO. In seltenen F\u00e4llen k\u00f6nnte die Verarbeitung von personenbezogenen Daten erforderlich werden, um lebenswichtige Interessen der betroffenen Person oder einer anderen nat\u00fcrlichen Person zu sch\u00fctzen, Art. 6 Abs. S. 1 lit. d DSGVO. Letztlich k\u00f6nnten Verarbeitungsvorg\u00e4nge auch auf Art. 6 Abs. S. 1 lit. f DSGVO beruhen. Auf dieser Rechtsgrundlage basieren Verarbeitungsvorg\u00e4nge, die von keiner der vorgenannten Rechtsgrundlagen erfasst werden, wenn die Verarbeitung zur Wahrung eines berechtigten Interesses unseres Unternehmens oder eines Dritten erforderlich ist, sofern die Interessen, Grundrechte und Grundfreiheiten des Betroffenen nicht \u00fcberwiegen.<\/p>\n<p><strong>Weitergabe von Daten<\/strong><br \/>\nEine \u00dcbermittlung Ihrer pers\u00f6nlichen Daten an Dritte zu anderen als den im Folgenden aufgef\u00fchrten Zwecken findet nicht statt. Wir geben Ihre pers\u00f6nlichen Daten an Dritte nur weiter, wenn:<\/p>\n<ul>\n<li>Sie Ihren nach Art. 6 Abs. 1 S. 1 lit. a DSGVO ausdr\u00fcckliche Einwilligung dazu erteilt haben,<\/li>\n<li>die Weitergabe nach Art. 6 Abs. 1 S. 1 lit. f DSGVO zur Geltendmachung, Aus\u00fcbung oder Verteidigung von Rechtsanspr\u00fcchen erforderlich ist und kein Grund zur Annahme besteht, dass Sie ein \u00fcberwiegendes schutzw\u00fcrdiges Interesse an der Nichtweitergabe Ihrer Daten haben,<\/li>\n<li>f\u00fcr den Fall, dass f\u00fcr die Weitergabe nach Art. 6 Abs. 1 S. 1 lit. c DSGVO eine gesetzliche Verpflichtung besteht, sowie<\/li>\n<li>dies gesetzlich zul\u00e4ssig und nach Art. 6 Abs. 1 S. 1 lit. b DSGVO f\u00fcr die Abwicklung von Vertragsverh\u00e4ltnissen mit Ihnen erforderlich ist.<\/li>\n<\/ul>\n<p><strong>Betroffenenrechte<\/strong><br \/>\nSie haben das Recht:<\/p>\n<ul>\n<li>gem\u00e4\u00df Art. 15 DSGVO Auskunft \u00fcber Ihre von mir verarbeiteten personenbezogenen Daten zu verlangen. Insbesondere k\u00f6nnen Sie Auskunft \u00fcber die Verarbeitungszwecke, die Kategorie der personenbezogenen Daten, die Kategorien von Empf\u00e4ngern, gegen\u00fcber denen Ihre Daten offengelegt wurden oder werden, die geplante Speicherdauer, das Bestehen eines Rechts auf Berichtigung, L\u00f6schung, Einschr\u00e4nkung der Verarbeitung oder Widerspruch, das Bestehen eines Beschwerderechts, die Herkunft ihrer Daten, sofern diese nicht bei mir erhoben wurden, sowie \u00fcber das Bestehen einer automatisierten Entscheidungsfindung einschlie\u00dflich Profiling und ggf. aussagekr\u00e4ftigen Informationen zu deren Einzelheiten verlangen;<\/li>\n<li>gem\u00e4\u00df Art. 16 DSGVO unverz\u00fcglich die Berichtigung unrichtiger oder Vervollst\u00e4ndigung Ihrer bei mir gespeicherten personenbezogenen Daten zu verlangen;<\/li>\n<li>gem\u00e4\u00df Art. 17 DSGVO die L\u00f6schung Ihrer bei mir gespeicherten personenbezogenen Daten zu verlangen, soweit nicht die Verarbeitung zur Aus\u00fcbung des Rechts auf freie Meinungs\u00e4u\u00dferung und Information, zur Erf\u00fcllung einer rechtlichen Verpflichtung, aus Gr\u00fcnden des \u00f6ffentlichen Interesses oder zur Geltendmachung, Aus\u00fcbung oder Verteidigung von Rechtsanspr\u00fcchen erforderlich ist;<\/li>\n<li>gem\u00e4\u00df Art. 18 DSGVO die Einschr\u00e4nkung der Verarbeitung Ihrer personenbezogenen Daten zu verlangen, soweit die Richtigkeit der Daten von Ihnen bestritten wird, die Verarbeitung unrechtm\u00e4\u00dfig ist, Sie aber deren L\u00f6schung ablehnen und wir die Daten nicht mehr ben\u00f6tigen, Sie jedoch diese zur Geltendmachung, Aus\u00fcbung oder Verteidigung von Rechtsanspr\u00fcchen ben\u00f6tigen oder Sie gem\u00e4\u00df Art. 21 DSGVO Widerspruch gegen die Verarbeitung eingelegt haben;<\/li>\n<li>gem\u00e4\u00df Art. 20 DSGVO Ihre personenbezogenen Daten, die Sie mir bereitgestellt haben, in einem strukturierten, g\u00e4ngigen und maschinenlesbaren Format zu erhalten oder die \u00dcbermittlung an einen anderen Verantwortlichen zu verlangen;<\/li>\n<li>gem\u00e4\u00df Art. 7 Abs. 3 DSGVO Ihre einmal erteilte Einwilligung jederzeit mir gegen\u00fcber zu widerrufen. Dies hat zur Folge, dass wir die Datenverarbeitung, die auf dieser Einwilligung beruhte, f\u00fcr die Zukunft nicht mehr fortf\u00fchren d\u00fcrfen und<\/li>\n<li>gem\u00e4\u00df Art. 77 DSGVO haben Sie unbeschadet eines anderweitigen verwaltungsrechtlichen oder gerichtlichen Rechtsbehelfs das Recht, sich bei einer Aufsichtsbeh\u00f6rde zu beschweren. In der Regel k\u00f6nnen Sie sich hierf\u00fcr an die Aufsichtsbeh\u00f6rde Ihres \u00fcblichen Aufenthaltsortes oder Arbeitsplatzes oder den Ort des Orts des mutma\u00dflichen Versto\u00dfes wenden, wenn die betroffene Person der Ansicht ist, dass die Verarbeitung der sie betreffenden personenbezogenen Daten gegen die Datenschutzgrundverordnung der EU (DS-GVO) verst\u00f6\u00dft.<\/li>\n<\/ul>\n<p><strong>Auskunftsrecht, Recht auf Berichtigung, Sperrung, L\u00f6schung, Widerspruch<\/strong><br \/>\nAuf schriftliche Anfrage informieren wir Sie \u00fcber die zu Ihrer Person durch uns gespeicherten Daten. Sie haben auch ein Recht auf Berichtigung, Sperrung, Widerspruch oder L\u00f6schung dieser Daten. Die Anfrage ist an unsere im <a href=\"https:\/\/www.engel-endingen.de\/index.php\/impressum\/\">Impressum <\/a>der Webseite angegebene Adresse zu richten.<\/p>\n<p><strong>Widerrufsrecht<\/strong><br \/>\nSofern Ihre personenbezogenen Daten auf Grundlage von berechtigten Interessen erarbeitet werden, haben Sie das Recht, gem\u00e4\u00df Art. 21 DSGVO Widerspruch gegen die Verarbeitung Ihrer personenbezogenen Daten einzulegen, soweit daf\u00fcr Gr\u00fcnde vorliegen, die sich aus Ihrer besonderen Situation ergeben oder sich der Widerspruch gegen Direktwerbung richtet. Im letzteren Fall haben Sie ein generelles Widerspruchsrecht, das ohne Angabe einer besonderen Situation von mir umgesetzt wird. M\u00f6chten Sie von Ihrem Widerrufs- oder Widerspruchsrecht Gebrauch machen, gen\u00fcgt eine E-Mail an unsere im <a href=\"https:\/\/www.engel-endingen.de\/index.php\/impressum\/\">Impressum <\/a>der Webseite angegebene Adresse.<\/p>\n<p><strong id=\"Cookies\">Cookies<\/strong><br \/>\nUnsere Internetseite verwendet Cookies. Ein Cookie ist eine Textdatei, die beim Besuch einer Internetseite erstellt und auf dem System des Nutzers der Website zwischengespeichert wird. Wird der Server unserer Webseite erneut vom Nutzer der Website aufgerufen, sendet der Browser des Nutzers der Website den zuvor empfangenen Cookie wieder zur\u00fcck an den Server. Der Server kann die durch dieses Verfahren erhaltenen Informationen auswerten. Durch Cookies k\u00f6nnen beispielsweise Werbeeinblendungen gesteuert oder das Navigieren auf einer Internetseite erleichtert werden. Cookies sind ferner erforderlich, um die Funktionsf\u00e4higkeit unseres Webseiten-Betriebs zu erm\u00f6glichen (als Rechtsgrundlage ist Art. 6 Abs. 1 lit f DSGVO genannt, die Wahrung der berechtigten Interessen des Betreibers dieser Webseite &#8211; wir verwenden Cookies nur in Vereinbarung mit Art. 5 Abs. 1 lit a DSGVO, also gem\u00e4\u00df der Prinzipien \u201eRechtm\u00e4\u00dfigkeit, Verarbeitung nach Treu und Glauben, Transparenz\u201c).<br \/>\nWenn Sie die Nutzung von Cookies unterbinden wollen, k\u00f6nnen Sie dies durch lokale Einstellungen in Ihrem Internetbrowser, (z.B. Internet Explorer, Mozilla Firefox, Opera oder Safari) tun.<\/p>\n<p><strong>Allgemeine Erhebung von Daten<\/strong><br \/>\nWenn Sie auf unsere Webseite zugreifen oder eine Datei abrufen, werden Daten \u00fcber diesen Vorgang in einer Protokolldatei auf unserem Webserver gespeichert. Im Einzelnen k\u00f6nnen folgende Daten gespeichert werden:<\/p>\n<ul>\n<li>IP-Adresse (wenn m\u00f6glich, wird diese anonymisiert gespeichert)<\/li>\n<li>Domain-Name der Webseite, von der Sie kamen<\/li>\n<li>Namen der abgerufenen Dateien<\/li>\n<li>Datum und Uhrzeit eines Abrufs<\/li>\n<li>Name Ihres Internet Service Providers<\/li>\n<li>sowie ggf. Betriebssystem und Browserversion Ihres Endger\u00e4ts<\/li>\n<\/ul>\n<p>IP-Adressen speichern wir nur aus Datensicherheitsgr\u00fcnden, um die Stabilit\u00e4t und die Sicherheit unseres Systems zu gew\u00e4hrleisten (Rechtsgrundlage: Art. 6 Abs. 1 lit. f DSGVO). Die statistische Auswertung anonymisierter Datens\u00e4tze bleibt vorbehalten.<\/p>\n<p><strong>Newsletter<\/strong><br \/>\nWir versenden Newsletter mit werblichen Informationen nur mit der Einwilligung der Empf\u00e4nger oder aufgrund einer gesetzlichen Erlaubnis.<br \/>\nDie Anmeldung zu unserem Newsletter erfolgt \u00fcber ein Double-Opt-In-Verfahren: Sie erhalten nach der Anmeldung eine E-Mail, in der Sie Ihre Anmeldung best\u00e4tigen sollen.<br \/>\nDiese Best\u00e4tigung ist notwendig, um Sie als Inhaber der E-Mail zu verifizieren.<br \/>\nDie Anmeldung zum Newsletter wird protokolliert, um die Anmeldung gem\u00e4\u00df den rechtlichen Anforderungen nachweisen zu k\u00f6nnen.<br \/>\nDies umfasst die Speicherung der Zeitpunkte der Anmeldung und Best\u00e4tigung sowie Ihre IP-Adresse. Ebenso werden weitere Daten, die Sie bei der Newsletter-Anmeldung angegeben haben, abgespeichert.<br \/>\nIhre Informationen au\u00dfer der E-Mail-Adresse nutzen wir lediglich zur Personalisierung des Newsletters, dazu geh\u00f6rt beispielsweise Ihr Name.<br \/>\nSie k\u00f6nnen den Erhalt des Newsletters jederzeit k\u00fcndigen. Einen Link zur K\u00fcndigung des Newsletters finden Sie in jeder Newsletter-Mail.<\/p>\n<p><strong>Kontaktformulare<\/strong><br \/>\nWenn Sie uns per Kontaktformular Anfragen zukommen lassen, werden Ihre Angaben aus dem Anfrageformular inklusive der von Ihnen dort angegebenen Kontaktdaten zwecks Bearbeitung der Anfrage und f\u00fcr den Fall von Anschlussfragen bei uns gespeichert und verarbeitet. Ihre Daten werden ausschlie\u00dflich zweckgebunden zur Beantwortung und Bearbeitung Ihrer Frage genutzt. Die Datenverarbeitung erfolgt hier nach Art. 6 Abs. S. 1 lit. a DSGVO auf Grundlage Ihrer freiwillig erteilten Einwilligung. Sie k\u00f6nnen dem jederzeit widersprechen (Widerrufsrecht).<\/p>\n<p><strong>Recht auf Beschwerde bei einer Aufsichtsbeh\u00f6rde<\/strong><br \/>\nJede betroffene Person hat unbeschadet eines anderweitigen verwaltungsrechtlichen oder gerichtlichen Rechtsbehelfs das Recht auf Beschwerde bei einer Aufsichtsbeh\u00f6rde, insbesondere in dem Mitgliedstaat ihres Aufenthaltsorts, ihres Arbeitsplatzes oder des Orts des mutma\u00dflichen Versto\u00dfes, wenn die betroffene Person der Ansicht ist, dass die Verarbeitung der sie betreffenden personenbezogenen Daten gegen die Datenschutzgrundverordnung der EU (DS-GVO) verst\u00f6\u00dft.<\/p>\n<p><strong>Recht auf Daten\u00fcbertragbarkeit<\/strong><br \/>\nSie haben das Recht die Sie betreffenden personenbezogenen Daten, die Sie uns bereitgestellt haben, in einem strukturierten, g\u00e4ngigen und maschinenlesbaren Format zu erhalten.<\/p>\n<p><strong>Vertraulichkeit Ihres Kundenzugangs<\/strong><br \/>\nWenn Sie Zugang zu einem gesch\u00fctzten Bereich auf unserer Webseite erhalten haben, der durch ein Passwort gesichert ist, sind Sie daf\u00fcr verantwortlich, dieses Passwort vertraulich zu behandeln. Wir bitten Sie, das Passwort niemandem mitzuteilen.<\/p>\n<p><strong>Links zu anderen Webseiten<\/strong><br \/>\nUnsere Website\/App kann von Zeit zu Zeit Links zu Websites Dritter oder zu anderen Websites von uns selbst enthalten. Wenn Sie einem Link zu einer dieser Websites folgen, weisen wir Sie darauf hin, dass diese Websites ihre eigenen Datenschutzrichtlinien haben und dass wir f\u00fcr diese Richtlinien keine Verantwortung oder Haftung \u00fcbernehmen. Bitte \u00fcberpr\u00fcfen Sie diese Datenschutzrichtlinien, bevor Sie personenbezogenen Daten an diese Websites weitergeben.<\/p>\n<p><strong>Kommentarfunktion<\/strong><br \/>\nAuf einzelnen Seiten oder Beitr\u00e4gen gibt es eine freiwillige Kommentarfunktion f\u00fcr Nutzer, die ihre Meinung zur jeweiligen Seite oder zum einem Beitrag mitteilen m\u00f6chten. Der Kommentar wird nach positiver Pr\u00fcfung freigegeben und erscheint \u00f6ffentlich auf der Seite, wo der Kommentar abgeschickt wurde. Einen Anspruch auf Freigabe eines Kommentars gibt es nicht. Der Kommentierende muss einen Namen angeben, dies darf ein Pseudonym sein. Ebenso muss der Kommentierende eine Email-Adresse angeben. Dies dient dazu, ihn bzgl. des Status seines Kommentars zu informieren insbesondere auch, wenn er im Kommentar eine Frage gestellt hat und auf Antwort wartet. Die Email Adresse wird nicht \u00f6ffentlich angezeigt und nicht an Dritte weitergegeben und nicht manuell ausgewertet. Die IP-Adresse des Kommentierenden wird nur in anonymisierter Form gespeichert. Der Kommentar wird dauerhaft gespeichert, bis er von Ihnen (oder einem Administrator) wieder gel\u00f6scht wird. Ihre zum Kommentar angegebene Email-Adresse wird nur zu dem Zwecke gespeichert, um Ihnen eine Benachrichtigung im Falle einer Antwort auf Ihren Kommentar zukommen zu lassen. Weitere von Ihnen angegebene Daten zum Kommentar werden am Kommentar ver\u00f6ffentlicht, sofern Sie diese angeben. Wird ein Name abgefragt, k\u00f6nnen Sie auch ein Pseudonym verwenden.<\/p>\n<p><strong>Verweise auf Webseiten Dritter<\/strong><br \/>\nAuf dieser Webseite werden Verweise auf Webseiten Dritter in Form sogenannter Links bzw. Verlinkungen angeboten. Erst wenn Sie auf einen solchen Link klicken, werden Daten zum Linkziel \u00fcbertragen. Dies ist technisch notwendig. Die \u00fcbertragenen Daten sind insbesondere: Ihre IP-Adresse, der Zeitpunkt zu dem Sie den Link angeklickt haben, die Seite auf der Sie den Link angeklickt haben, Angaben zu Ihrem Internet-Browser. Wenn Sie nicht m\u00f6chten, dass diese Daten zum Linkziel \u00fcbertragen werden, klicken Sie den Link nicht an.<\/p>\n<p><strong>Google Schriftarten<\/strong><br \/>\nDiese Seite nutzt zur Darstellung bestimmte Schriftarten von Google. Beim Aufruf einer Seite l\u00e4dt Ihr Browser diese Schriftarten. Dabei wird Ihre IP-Adresse samt der Seite (Internetadresse), die Sie besucht haben, an einen Server der Firma Google \u00fcbertragen. Weitere Informationen zu diesen Google Schriftarten finden Sie unter <a href=\"https:\/\/developers.google.com\/fonts\/faq\">https:\/\/developers.google.com\/fonts\/faq<\/a> und in der Datenschutzerkl\u00e4rung von Google unter <a href=\"https:\/\/www.google.com\/policies\/privacy\/\">https:\/\/www.google.com\/policies\/privacy\/<\/a><\/p>\n<p><strong>Gravatare<\/strong><br \/>\nWir verwenden Gravatare f\u00fcr die Anzeige von Avataren in Kommentaren. Gravatare sind ein Dienst der Firma Automattic Inc., 132 Hawthorne Street, San Francisco, CA 94107, USA (&#8222;Automattic&#8220;). Nach Absenden eines Kommentars wird die durch Sie eingegebene E-Mail-Adresse an Automattic \u00fcbertragen, um ein ggfs. mit dieser E-Mail-Adresse verkn\u00fcpftes Benutzerbild innerhalb von Kommentaren darzustellen. Sofern eine Verkn\u00fcpfung der E-Mail-Adresse mit einem Benutzerbild vorliegt, \u00fcbermittelt Automattic dieses an uns, damit wir das Benutzerbild (den Gravatar) in den Kommentaren auf unserer Webseite einbinden k\u00f6nnen. Automattic kann durch die Anzeige der Gravatare Ihre IP-Adresse speichern. Sofern Sie nicht m\u00f6chten, dass ein mit Ihrer E-Mail-Adresse bei Gravatar verkn\u00fcpftes Benutzerbild in den Kommentaren auf unserer Webseite erscheint, k\u00f6nnen Sie zum Kommentieren eine E-Mail-Adresse verwenden, die nicht bei Automattic hinterlegt ist. Weitere Informationen zur Erhebung und Nutzung der Daten durch Automattic finden Sie in der Datenschutzerkl\u00e4rung von Automattic unter <a href=\"https:\/\/automattic.com\/privacy\/\">https:\/\/automattic.com\/privacy\/<\/a>.<\/p>\n<p><strong>Google Maps<\/strong><br \/>\nDiese Internetpr\u00e4senz verwendet die Kartensoftware Google Maps von Google Inc., 1600 Amphitheatre Parkway, Mountain View, CA 94043, USA. Durch die Nutzung dieser Webseite erkl\u00e4ren Sie sich mit der Erfassung, Bearbeitung und Nutzung der m\u00f6glicherweise automatisiert erhobenen Daten durch Google und dessen Vertretern einverstanden. <a href=\"https:\/\/www.google.com\/intl\/de_de\/help\/terms_maps.html\">Nutzungsbedingungen von Google Maps<\/a>. <a href=\"https:\/\/www.google.de\/intl\/de\/policies\/privacy\/\">Datenschutzbestimmungen von Google<\/a><\/p>\n<p><strong>Sicherheitshinweis<\/strong><br \/>\nWir sichern unsere Webseite und sonstige IT-Systeme durch geeignete technische und organisatorische Ma\u00dfnahmen gegen Verlust, Zerst\u00f6rung, unberechtigten Zugriff, unberechtigte Ver\u00e4nderung oder unberechtigte Verbreitung Ihrer Daten ab. Ein vollst\u00e4ndiger Schutz gegen alle Gefahren ist praktisch trotz aller Sorgfalt jedoch nicht in jedem Fall m\u00f6glich. Weil bei der Kommunikation per E-Mail die vollst\u00e4ndige Datensicherheit von uns nicht gew\u00e4hrleistet werden kann, empfehlen wir zur \u00dcbermittlung von vertraulichen Informationen den Postweg.<\/p>\n<p><strong>\u00c4nderungen dieser Datenschutzerkl\u00e4rung<\/strong><br \/>\nWir behalten uns vor, diese Datenschutzerkl\u00e4rung zu \u00e4ndern, wenn sich die Rechtslage oder dieses Online-Angebot oder die Art der Datenerfassung \u00e4ndert. Dies gilt jedoch nur bez\u00fcglich Erkl\u00e4rungen zur Datenverarbeitung. Sofern eine Einwilligung des Nutzers notwendig ist oder Bestandteile der Datenschutzerkl\u00e4rung eine Regelung des Vertragsverh\u00e4ltnisses mit Nutzern enthalten, erfolgt die \u00c4nderung der Datenschutzerkl\u00e4rung nur nach Zustimmung des Nutzers.<\/p>\n<p>Bitte informieren Sie sich daher bei Bedarf \u00fcber diese Datenschutzerkl\u00e4rung, insbesondere, wenn Sie personenbezogene Daten mitteilen.<\/p>\n<p><strong>Ihr Ansprechpartner<\/strong><br \/>\nBei Fragen zur Erhebung, Verarbeitung oder Nutzung Ihrer personenbezogenen Daten, bei Ausk\u00fcnften, Berichtigung, Sperrung oder L\u00f6schung von Daten sowie Widerruf erteilter Einwilligungen oder Widerspruch gegen eine bestimmte Datenverwendung wenden Sie sich bitte direkt an:<\/p>\n<p>Karin und Florian Buitink<br \/>\nEngelstueble<br \/>\nHauptstr. 10<br \/>\n79346 Endingen<\/p>\n<table>\n<tbody>\n<tr>\n<td>Telefon:<\/td>\n<td>07642\/3238<\/td>\n<\/tr>\n<tr>\n<td>E-Mail:<\/td>\n<td>info@engel-endingen.de<\/td>\n<\/tr>\n<\/tbody>\n<\/table>\n","protected":false},"excerpt":{"rendered":"<p>Wir bedanken uns f\u00fcr Ihren Besuch auf unserer Webseite. Der sicherere Umgang mit Ihren Daten ist uns besonders wichtig. Wir m\u00f6chten Sie daher ausf\u00fchrlich \u00fcber die Verwendung Ihrer Daten bei dem Besuch unseres Webauftritts informieren. Rechtsgrundlage der Verarbeitung Art. 6 Abs. S. 1 lit. a DSGVO dient unserem Unternehmen als Rechtsgrundlage f\u00fcr Verarbeitungsvorg\u00e4nge, bei denen &hellip; <\/p>\n<p class=\"link-more\"><a href=\"https:\/\/www.engel-endingen.de\/index.php\/datenschutzerklaerung\/\" class=\"more-link\"><span class=\"screen-reader-text\">\u201eDatenschutzerkl\u00e4rung\u201c<\/span> weiterlesen<\/a><\/p>\n","protected":false},"author":1,"featured_media":0,"parent":0,"menu_order":0,"comment_status":"closed","ping_status":"closed","template":"","meta":[],"_links":{"self":[{"href":"https:\/\/www.engel-endingen.de\/index.php\/wp-json\/wp\/v2\/pages\/217"}],"collection":[{"href":"https:\/\/www.engel-endingen.de\/index.php\/wp-json\/wp\/v2\/pages"}],"about":[{"href":"https:\/\/www.engel-endingen.de\/index.php\/wp-json\/wp\/v2\/types\/page"}],"author":[{"embeddable":true,"href":"https:\/\/www.engel-endingen.de\/index.php\/wp-json\/wp\/v2\/users\/1"}],"replies":[{"embeddable":true,"href":"https:\/\/www.engel-endingen.de\/index.php\/wp-json\/wp\/v2\/comments?post=217"}],"version-history":[{"count":6,"href":"https:\/\/www.engel-endingen.de\/index.php\/wp-json\/wp\/v2\/pages\/217\/revisions"}],"predecessor-version":[{"id":231,"href":"https:\/\/www.engel-endingen.de\/index.php\/wp-json\/wp\/v2\/pages\/217\/revisions\/231"}],"wp:attachment":[{"href":"https:\/\/www.engel-endingen.de\/index.php\/wp-json\/wp\/v2\/media?parent=217"}],"curies":[{"name":"wp","href":"https:\/\/api.w.org\/{rel}","templated":true}]}}