{"id":4,"date":"2016-07-11T12:36:09","date_gmt":"2016-07-11T10:36:09","guid":{"rendered":"http:\/\/dev.engel-endingen.de\/?page_id=4"},"modified":"2024-06-11T08:23:48","modified_gmt":"2024-06-11T06:23:48","slug":"home","status":"publish","type":"page","link":"https:\/\/www.engel-endingen.de\/","title":{"rendered":"Home"},"content":{"rendered":"\n<div class=\"wp-container-1 is-content-justification-center wp-block-buttons\">\n<div class=\"wp-block-button\"><a class=\"wp-block-button__link has-white-color has-text-color has-background\" href=\"https:\/\/www.engel-endingen.de\/index.php\/spezialitaeten\/\" style=\"background-color:#871028\" target=\"_blank\" rel=\"noopener\">Unsere Speisen<\/a><\/div>\n<\/div>\n\n\n\n<div class=\"wp-container-2 is-content-justification-center wp-block-buttons\">\n<div class=\"wp-block-button\"><a class=\"wp-block-button__link has-white-color has-text-color has-background\" href=\"https:\/\/ibe.hotels-online-buchen.de\/Home\/Index\/de-DE\/engelendingen\" style=\"background-color:#871028\" target=\"_blank\" rel=\"noreferrer noopener\">Jetzt Zimmer online buchen!<\/a><\/div>\n<\/div>\n\n\n\n<h2>Unser Hotel liegt mitten in der malerischen Altstadt von Endingen. F\u00fcr die pers\u00f6nliche, sehr wohltuende Atmosph\u00e4re ist unser Haus sehr bekannt.<\/h2>\n\n\n\n<div class=\"wp-container-7 wp-block-group\"><div class=\"wp-block-group__inner-container\">\n<div class=\"wp-container-6 wp-block-columns\">\n<div class=\"wp-container-5 wp-block-column\" style=\"flex-basis:100%\">\n<div class=\"wp-container-4 wp-block-columns\">\n<div class=\"wp-container-3 wp-block-column\" style=\"flex-basis:100%\">\n<h2>Nat\u00fcrlich darf auch der Gaumen nicht zu kurz kommen. Hierf\u00fcr sorgt unsere K\u00fcche mit einer reichen Auswahl der bekannten Badischen K\u00fcche mit ihrem unverwechselbaren Einschlag und weiteren kulinarischen Highlights. Unser K\u00fcchenchef verw\u00f6hnt Sie zudem mit regionalen und saisonalen Spezialit\u00e4ten wie z.B. den Steaks vom hei\u00dfen Stein.<\/h2>\n<\/div>\n<\/div>\n<\/div>\n<\/div>\n<\/div><\/div>\n\n\n\n<div class=\"wp-container-10 wp-block-group\"><div class=\"wp-block-group__inner-container\">\n<div class=\"wp-container-9 wp-block-columns\">\n<div class=\"wp-container-8 wp-block-column\" style=\"flex-basis:100%\">\n<h2 class=\"has-text-align-left\">Das energetische Vorzeige Hotel und Restaurant am Kaiserstuhl. In unseren H\u00e4usern speisen und schlafen Sie Elektrosmog frei. Zertifiziert vom Gesundheitsforum Zollernalb!<\/h2>\n\n\n<div class=\"wp-block-image\">\n<figure class=\"alignright size-full is-resized\"><img loading=\"lazy\" src=\"https:\/\/www.engel-endingen.de\/wp-content\/uploads\/Elektrosmog_frei.png\" alt=\"\" class=\"wp-image-104\" width=\"238\" height=\"90\" srcset=\"https:\/\/www.engel-endingen.de\/wp-content\/uploads\/Elektrosmog_frei.png 692w, https:\/\/www.engel-endingen.de\/wp-content\/uploads\/Elektrosmog_frei-300x114.png 300w, https:\/\/www.engel-endingen.de\/wp-content\/uploads\/Elektrosmog_frei-200x76.png 200w, https:\/\/www.engel-endingen.de\/wp-content\/uploads\/Elektrosmog_frei-400x152.png 400w, https:\/\/www.engel-endingen.de\/wp-content\/uploads\/Elektrosmog_frei-600x228.png 600w\" sizes=\"(max-width: 238px) 100vw, 238px\" \/><\/figure><\/div><\/div>\n<\/div>\n<\/div><\/div>\n\n\n\n<blockquote class=\"wp-block-quote\"><p>&#8222;Himmlisch schlemmen, himmlisch schlafen und himmlisch erleben! Wir w\u00fcnschen allen G\u00e4sten, Freunden und Bekannten einen sch\u00f6nen Aufenthalt in unserem Haus!&#8220;<br><\/p><cite><strong>Florian Buitink<\/strong><\/cite><\/blockquote>\n\n\n\n<h2>&nbsp;<\/h2>\n","protected":false},"excerpt":{"rendered":"<p>Unser Hotel liegt mitten in der malerischen Altstadt von Endingen. F\u00fcr die pers\u00f6nliche, sehr wohltuende Atmosph\u00e4re ist unser Haus sehr bekannt. Nat\u00fcrlich darf auch der Gaumen nicht zu kurz kommen. Hierf\u00fcr sorgt unsere K\u00fcche mit einer reichen Auswahl der bekannten Badischen K\u00fcche mit ihrem unverwechselbaren Einschlag und weiteren kulinarischen Highlights. Unser K\u00fcchenchef verw\u00f6hnt Sie zudem &hellip; <\/p>\n<p class=\"link-more\"><a href=\"https:\/\/www.engel-endingen.de\/\" class=\"more-link\"><span class=\"screen-reader-text\">\u201eHome\u201c<\/span> weiterlesen<\/a><\/p>\n","protected":false},"author":1,"featured_media":39,"parent":0,"menu_order":0,"comment_status":"closed","ping_status":"closed","template":"","meta":[],"_links":{"self":[{"href":"https:\/\/www.engel-endingen.de\/index.php\/wp-json\/wp\/v2\/pages\/4"}],"collection":[{"href":"https:\/\/www.engel-endingen.de\/index.php\/wp-json\/wp\/v2\/pages"}],"about":[{"href":"https:\/\/www.engel-endingen.de\/index.php\/wp-json\/wp\/v2\/types\/page"}],"author":[{"embeddable":true,"href":"https:\/\/www.engel-endingen.de\/index.php\/wp-json\/wp\/v2\/users\/1"}],"replies":[{"embeddable":true,"href":"https:\/\/www.engel-endingen.de\/index.php\/wp-json\/wp\/v2\/comments?post=4"}],"version-history":[{"count":64,"href":"https:\/\/www.engel-endingen.de\/index.php\/wp-json\/wp\/v2\/pages\/4\/revisions"}],"predecessor-version":[{"id":369,"href":"https:\/\/www.engel-endingen.de\/index.php\/wp-json\/wp\/v2\/pages\/4\/revisions\/369"}],"wp:featuredmedia":[{"embeddable":true,"href":"https:\/\/www.engel-endingen.de\/index.php\/wp-json\/wp\/v2\/media\/39"}],"wp:attachment":[{"href":"https:\/\/www.engel-endingen.de\/index.php\/wp-json\/wp\/v2\/media?parent=4"}],"curies":[{"name":"wp","href":"https:\/\/api.w.org\/{rel}","templated":true}]}}